{"id":71,"date":"2025-09-15T13:41:11","date_gmt":"2025-09-15T11:41:11","guid":{"rendered":"http:\/\/bym.ovver.es\/?page_id=71"},"modified":"2025-10-31T13:58:03","modified_gmt":"2025-10-31T12:58:03","slug":"quienes-somos","status":"publish","type":"page","link":"https:\/\/bym.ovver.es\/index.php\/quienes-somos\/","title":{"rendered":"Quienes somos"},"content":{"rendered":"<p>[et_pb_section fb_built=\u00bb1&#8243; fullwidth=\u00bbon\u00bb _builder_version=\u00bb4.27.4&#8243; _module_preset=\u00bbdefault\u00bb background_color=\u00bbrgba(255,255,255,0.56)\u00bb background_image=\u00bbhttps:\/\/bym.ovver.es\/wp-content\/uploads\/2025\/10\/backgroun-quienes-somos.jpg\u00bb min_height=\u00bb350px\u00bb global_colors_info=\u00bb{}\u00bb][et_pb_fullwidth_header text_orientation=\u00bbcenter\u00bb background_overlay_color=\u00bbrgba(255,255,255,0.73)\u00bb _builder_version=\u00bb4.27.4&#8243; _module_preset=\u00bbdefault\u00bb title_font=\u00bbPoppins||||||||\u00bb title_text_color=\u00bb#008080&#8243; title_font_size=\u00bb55px\u00bb title_letter_spacing=\u00bb-3px\u00bb background_color=\u00bbrgba(255,255,255,0.24)\u00bb background_image=\u00bbhttps:\/\/bym.ovver.es\/wp-content\/uploads\/2025\/10\/backgroun-quienes-somos.jpg\u00bb height=\u00bb450px\u00bb global_colors_info=\u00bb{}\u00bb][\/et_pb_fullwidth_header][\/et_pb_section][et_pb_section fb_built=\u00bb1&#8243; _builder_version=\u00bb4.27.4&#8243; _module_preset=\u00bbdefault\u00bb width=\u00bb85%\u00bb max_width=\u00bb85%\u00bb custom_margin=\u00bb-5%|auto|3%|auto|false|true\u00bb custom_padding=\u00bb||||false|false\u00bb box_shadow_style=\u00bbpreset2&#8243; box_shadow_color=\u00bbrgba(0,0,0,0.06)\u00bb global_colors_info=\u00bb{}\u00bb][et_pb_row column_structure=\u00bb1_3,2_3&#8243; use_custom_gutter=\u00bbon\u00bb _builder_version=\u00bb4.27.4&#8243; _module_preset=\u00bbdefault\u00bb width=\u00bb85%\u00bb max_width=\u00bb85%\u00bb custom_padding=\u00bb||40px||false|false\u00bb global_colors_info=\u00bb{}\u00bb][et_pb_column type=\u00bb1_3&#8243; _builder_version=\u00bb4.27.4&#8243; _module_preset=\u00bbdefault\u00bb global_colors_info=\u00bb{}\u00bb][et_pb_heading title=\u00bbQuienes Somos\u00bb _builder_version=\u00bb4.27.4&#8243; _module_preset=\u00bbdefault\u00bb title_font=\u00bbRaleway|600|||||||\u00bb title_text_align=\u00bbleft\u00bb title_text_color=\u00bb#008080&#8243; title_font_size=\u00bb45px\u00bb global_colors_info=\u00bb{}\u00bb][\/et_pb_heading][\/et_pb_column][et_pb_column type=\u00bb2_3&#8243; _builder_version=\u00bb4.27.4&#8243; _module_preset=\u00bbdefault\u00bb global_colors_info=\u00bb{}\u00bb][et_pb_text _builder_version=\u00bb4.27.4&#8243; _module_preset=\u00bbdefault\u00bb text_font=\u00bbRaleway||||||||\u00bb text_font_size=\u00bb16px\u00bb text_line_height=\u00bb2.1em\u00bb global_colors_info=\u00bb{}\u00bb]<\/p>\n<p>Somos una empresa de tama\u00f1o medio ubicada en Rafelbu\u00f1ol, Valencia, que cuenta con <strong>m\u00e1s de 28 a\u00f1os de experiencia<\/strong> en el sector de la automatizaci\u00f3n industrial. En BYM nos dedicamos a la automatizaci\u00f3n de procesos industriales mediante proyectos llave en mano, integrando todas las fases del proyecto desde el dise\u00f1o y la fabricaci\u00f3n hasta la instalaci\u00f3n de los sistemas y puesta en marcha final.<\/p>\n<p>[\/et_pb_text][\/et_pb_column][\/et_pb_row][et_pb_row column_structure=\u00bb1_3,1_3,1_3&#8243; use_custom_gutter=\u00bbon\u00bb _builder_version=\u00bb4.27.4&#8243; _module_preset=\u00bbdefault\u00bb width=\u00bb85%\u00bb max_width=\u00bb85%\u00bb global_colors_info=\u00bb{}\u00bb][et_pb_column type=\u00bb1_3&#8243; _builder_version=\u00bb4.27.4&#8243; _module_preset=\u00bbdefault\u00bb global_colors_info=\u00bb{}\u00bb][et_pb_number_counter title=\u00bbA\u00f1os de Experiencia\u00bb number=\u00bb+30&#8243; percent_sign=\u00bboff\u00bb _builder_version=\u00bb4.27.4&#8243; _module_preset=\u00bbdefault\u00bb global_colors_info=\u00bb{}\u00bb][\/et_pb_number_counter][\/et_pb_column][et_pb_column type=\u00bb1_3&#8243; _builder_version=\u00bb4.27.4&#8243; _module_preset=\u00bbdefault\u00bb global_colors_info=\u00bb{}\u00bb][et_pb_image src=\u00bbhttps:\/\/bym.ovver.es\/wp-content\/uploads\/2025\/10\/bym-pyme-innovadora.jpg\u00bb title_text=\u00bbbym-pyme-innovadora\u00bb align=\u00bbcenter\u00bb _builder_version=\u00bb4.27.4&#8243; _module_preset=\u00bbdefault\u00bb width=\u00bb70%\u00bb global_colors_info=\u00bb{}\u00bb][\/et_pb_image][\/et_pb_column][et_pb_column type=\u00bb1_3&#8243; _builder_version=\u00bb4.27.4&#8243; _module_preset=\u00bbdefault\u00bb global_colors_info=\u00bb{}\u00bb][et_pb_number_counter title=\u00bbProyectos Exitosos\u00bb number=\u00bb+100&#8243; percent_sign=\u00bboff\u00bb _builder_version=\u00bb4.27.4&#8243; _module_preset=\u00bbdefault\u00bb global_colors_info=\u00bb{}\u00bb][\/et_pb_number_counter][\/et_pb_column][\/et_pb_row][\/et_pb_section][et_pb_section fb_built=\u00bb1&#8243; _builder_version=\u00bb4.27.4&#8243; _module_preset=\u00bbdefault\u00bb background_color=\u00bb#f2f3f5&#8243; global_colors_info=\u00bb{}\u00bb][et_pb_row column_structure=\u00bb1_2,1_2&#8243; use_custom_gutter=\u00bbon\u00bb make_equal=\u00bbon\u00bb _builder_version=\u00bb4.27.4&#8243; _module_preset=\u00bbdefault\u00bb background_color=\u00bb#FFFFFF\u00bb width=\u00bb75%\u00bb max_width=\u00bb75%\u00bb custom_margin=\u00bb||50px||false|false\u00bb custom_padding=\u00bb0px|0px|0px|0px|false|false\u00bb global_colors_info=\u00bb{}\u00bb][et_pb_column type=\u00bb1_2&#8243; _builder_version=\u00bb4.27.4&#8243; _module_preset=\u00bbdefault\u00bb global_colors_info=\u00bb{}\u00bb][et_pb_image src=\u00bbbym.ovver.es\/wp-content\/uploads\/2025\/09\/cybernetics-4218958_1280.jpg\u00bb title_text=\u00bbcybernetics-4218958_1280&#8243; _builder_version=\u00bb4.27.4&#8243; _module_preset=\u00bbdefault\u00bb global_colors_info=\u00bb{}\u00bb][\/et_pb_image][\/et_pb_column][et_pb_column type=\u00bb1_2&#8243; _builder_version=\u00bb4.27.4&#8243; _module_preset=\u00bbdefault\u00bb custom_padding=\u00bb60px|60px|30px||false|false\u00bb global_colors_info=\u00bb{}\u00bb][et_pb_heading title=\u00bbExperiencia\u00bb _builder_version=\u00bb4.27.4&#8243; _module_preset=\u00bbdefault\u00bb title_font=\u00bbRaleway|600|||||||\u00bb title_text_align=\u00bbleft\u00bb title_text_color=\u00bb#008080&#8243; title_font_size=\u00bb35px\u00bb custom_margin=\u00bb||20px||false|false\u00bb global_colors_info=\u00bb{}\u00bb][\/et_pb_heading][et_pb_text _builder_version=\u00bb4.27.4&#8243; _module_preset=\u00bbdefault\u00bb text_font=\u00bbRaleway||||||||\u00bb text_font_size=\u00bb16px\u00bb text_line_height=\u00bb30px\u00bb global_colors_info=\u00bb{}\u00bb]<\/p>\n<p style=\"text-align: justify;\"><span>Nuestra experiencia radica en la <strong>multitud de proyectos desarrollados<\/strong> para diferentes clientes y sectores industriales durante los 28 a\u00f1os de existencia de la empresa. La diversidad de procesos, el conocimiento de las tecnolog\u00edas y su aplicaci\u00f3n a sectores muy diferentes han conducido al <strong>perfeccionamiento<\/strong> de nuestra actividad y al enriquecimiento de nuestro <strong>Know-How.<\/strong><\/span><\/p>\n<p>[\/et_pb_text][\/et_pb_column][\/et_pb_row][et_pb_row column_structure=\u00bb1_2,1_2&#8243; use_custom_gutter=\u00bbon\u00bb make_equal=\u00bbon\u00bb _builder_version=\u00bb4.27.4&#8243; _module_preset=\u00bbdefault\u00bb background_color=\u00bb#FFFFFF\u00bb width=\u00bb75%\u00bb max_width=\u00bb75%\u00bb custom_padding=\u00bb0px|0px|0px|0px|false|false\u00bb global_colors_info=\u00bb{}\u00bb][et_pb_column type=\u00bb1_2&#8243; _builder_version=\u00bb4.27.4&#8243; _module_preset=\u00bbdefault\u00bb custom_padding=\u00bb30px|60px|30px|60px|true|false\u00bb global_colors_info=\u00bb{}\u00bb][et_pb_heading title=\u00bbEquipo\u00bb _builder_version=\u00bb4.27.4&#8243; _module_preset=\u00bbdefault\u00bb title_font=\u00bbRaleway|600|||||||\u00bb title_text_align=\u00bbleft\u00bb title_text_color=\u00bb#008080&#8243; title_font_size=\u00bb35px\u00bb custom_margin=\u00bb||20px||false|false\u00bb global_colors_info=\u00bb{}\u00bb][\/et_pb_heading][et_pb_text _builder_version=\u00bb4.27.4&#8243; _module_preset=\u00bbdefault\u00bb text_font=\u00bbRaleway||||||||\u00bb text_font_size=\u00bb16px\u00bb text_line_height=\u00bb30px\u00bb global_colors_info=\u00bb{}\u00bb]<\/p>\n<p>Nuestros ingenieros y t\u00e9cnicos componen un <strong>equipo multidisciplinar de profesionales<\/strong>, con gran experiencia en distintos campos como son el dise\u00f1o mec\u00e1nico y el\u00e9ctrico, programaci\u00f3n de PLC\u2019s, robots y sistemas de visi\u00f3n artificial.<\/p>\n<p>El equipo desarrolla e integra m\u00e1quinas con tecnolog\u00eda propia, utilizando los medios m\u00e1s avanzados, con una <strong>preocupaci\u00f3n constante por la funcionalidad<\/strong>, desde el dise\u00f1o hasta la puesta en marcha, ofreciendo a sus clientes seriedad y <strong>calidad<\/strong> en el trabajo.<\/p>\n<p>[\/et_pb_text][\/et_pb_column][et_pb_column type=\u00bb1_2&#8243; _builder_version=\u00bb4.27.4&#8243; _module_preset=\u00bbdefault\u00bb custom_padding=\u00bb0px|0px|0px|0px|false|false\u00bb global_colors_info=\u00bb{}\u00bb][et_pb_image src=\u00bbhttps:\/\/bym.ovver.es\/wp-content\/uploads\/2025\/09\/cheerful-woman-in-technician-lab-scaled-1.jpg\u00bb title_text=\u00bbcheerful-woman-in-technician-lab-scaled\u00bb _builder_version=\u00bb4.27.4&#8243; _module_preset=\u00bbdefault\u00bb global_colors_info=\u00bb{}\u00bb][\/et_pb_image][\/et_pb_column][\/et_pb_row][\/et_pb_section][et_pb_section fb_built=\u00bb1&#8243; _builder_version=\u00bb4.27.4&#8243; _module_preset=\u00bbdefault\u00bb width=\u00bb85%\u00bb max_width=\u00bb85%\u00bb custom_margin=\u00bb|auto||auto|false|true\u00bb custom_padding=\u00bb100px||100px||true|false\u00bb global_colors_info=\u00bb{}\u00bb][et_pb_row column_structure=\u00bb2_5,3_5&#8243; use_custom_gutter=\u00bbon\u00bb _builder_version=\u00bb4.27.4&#8243; _module_preset=\u00bbdefault\u00bb width=\u00bb85%\u00bb max_width=\u00bb85%\u00bb custom_padding=\u00bb||40px||false|false\u00bb global_colors_info=\u00bb{}\u00bb][et_pb_column type=\u00bb2_5&#8243; _builder_version=\u00bb4.27.4&#8243; _module_preset=\u00bbdefault\u00bb global_colors_info=\u00bb{}\u00bb][et_pb_heading title=\u00bbEmpresa Innovadora\u00bb _builder_version=\u00bb4.27.4&#8243; _module_preset=\u00bbdefault\u00bb title_font=\u00bbRaleway|600|||||||\u00bb title_text_align=\u00bbleft\u00bb title_text_color=\u00bb#008080&#8243; title_font_size=\u00bb45px\u00bb global_colors_info=\u00bb{}\u00bb][\/et_pb_heading][et_pb_image src=\u00bbhttps:\/\/bym.ovver.es\/wp-content\/uploads\/2025\/10\/bym-pyme-innovadora.jpg\u00bb title_text=\u00bbbym-pyme-innovadora\u00bb align=\u00bbcenter\u00bb _builder_version=\u00bb4.27.4&#8243; _module_preset=\u00bbdefault\u00bb width=\u00bb50%\u00bb global_colors_info=\u00bb{}\u00bb][\/et_pb_image][\/et_pb_column][et_pb_column type=\u00bb3_5&#8243; _builder_version=\u00bb4.27.4&#8243; _module_preset=\u00bbdefault\u00bb global_colors_info=\u00bb{}\u00bb][et_pb_text _builder_version=\u00bb4.27.4&#8243; _module_preset=\u00bbdefault\u00bb text_font=\u00bbRaleway||||||||\u00bb text_font_size=\u00bb16px\u00bb text_line_height=\u00bb2.1em\u00bb global_colors_info=\u00bb{}\u00bb]<\/p>\n<p>Disponemos del <strong>Sello de Empresa Innovadora<\/strong>, concedido por el <strong>Ministerio de Ciencia e Innovaci\u00f3n<\/strong> tras el desarrollo con \u00e9xito de varios proyectos de I+D subvencionados por el Centro de Desarrollo Tecnol\u00f3gico Industrial (CDTI). Gracias a la experiencia obtenida en la ejecuci\u00f3n de estos proyectos I+D, 3 de desarrollo interno y 3 como colaboradores principales, <strong>BYM puede ofrecer soluciones innovadoras a nuestros clientes<\/strong>, incorporando las \u00faltimas tecnolog\u00edas disponibles en el mercado para aumentar la eficiencia de sus procesos y la ventaja sobre sus competidores.<\/p>\n<p>[\/et_pb_text][\/et_pb_column][\/et_pb_row][\/et_pb_section][et_pb_section fb_built=\u00bb1&#8243; _builder_version=\u00bb4.27.4&#8243; _module_preset=\u00bbdefault\u00bb background_color=\u00bb#008080&#8243; global_colors_info=\u00bb{}\u00bb][et_pb_row _builder_version=\u00bb4.27.4&#8243; _module_preset=\u00bbdefault\u00bb global_colors_info=\u00bb{}\u00bb][et_pb_column type=\u00bb4_4&#8243; _builder_version=\u00bb4.27.4&#8243; _module_preset=\u00bbdefault\u00bb global_colors_info=\u00bb{}\u00bb][et_pb_heading title=\u00bb\u00bfQuieres formar parte de nuestro equipo?\u00bb _builder_version=\u00bb4.27.4&#8243; _module_preset=\u00bbdefault\u00bb title_font=\u00bbRaleway|600|||||||\u00bb title_text_align=\u00bbcenter\u00bb title_text_color=\u00bb#FFFFFF\u00bb title_font_size=\u00bb45px\u00bb global_colors_info=\u00bb{}\u00bb][\/et_pb_heading][et_pb_button button_url=\u00bbhttp:\/\/bym.ovver.es\/contacto\/\u00bb button_text=\u00bbTrabaja con nosotros\u00bb button_alignment=\u00bbcenter\u00bb _builder_version=\u00bb4.27.4&#8243; _module_preset=\u00bbdefault\u00bb custom_button=\u00bbon\u00bb button_text_color=\u00bb#008080&#8243; button_bg_color=\u00bb#FFFFFF\u00bb button_border_width=\u00bb0px\u00bb button_border_radius=\u00bb50px\u00bb button_use_icon=\u00bboff\u00bb global_colors_info=\u00bb{}\u00bb][\/et_pb_button][\/et_pb_column][\/et_pb_row][\/et_pb_section][et_pb_section fb_built=\u00bb1&#8243; _builder_version=\u00bb4.27.4&#8243; _module_preset=\u00bbdefault\u00bb min_height=\u00bb10px\u00bb height=\u00bb10px\u00bb max_height=\u00bb10px\u00bb custom_padding=\u00bb0px||14px|||\u00bb global_colors_info=\u00bb{}\u00bb][\/et_pb_section][et_pb_section fb_built=\u00bb1&#8243; _builder_version=\u00bb4.27.4&#8243; _module_preset=\u00bbdefault\u00bb width=\u00bb85%\u00bb max_width=\u00bb85%\u00bb custom_margin=\u00bb|auto||auto|false|true\u00bb global_colors_info=\u00bb{}\u00bb][et_pb_row use_custom_gutter=\u00bbon\u00bb _builder_version=\u00bb4.27.4&#8243; _module_preset=\u00bbdefault\u00bb width=\u00bb85%\u00bb max_width=\u00bb85%\u00bb custom_padding=\u00bb||40px||false|false\u00bb global_colors_info=\u00bb{}\u00bb][et_pb_column type=\u00bb4_4&#8243; _builder_version=\u00bb4.27.4&#8243; _module_preset=\u00bbdefault\u00bb global_colors_info=\u00bb{}\u00bb][et_pb_heading title=\u00bbNuestros Clientes\u00bb _builder_version=\u00bb4.27.4&#8243; _module_preset=\u00bbdefault\u00bb title_font=\u00bbRaleway|600|||||||\u00bb title_text_align=\u00bbleft\u00bb title_text_color=\u00bb#008080&#8243; title_font_size=\u00bb45px\u00bb global_colors_info=\u00bb{}\u00bb][\/et_pb_heading][et_pb_code _builder_version=\u00bb4.27.4&#8243; _module_preset=\u00bbdefault\u00bb custom_margin=\u00bb||2em||false|false\u00bb global_module=\u00bb266&#8243; global_colors_info=\u00bb{}\u00bb]<\/p>\n<div class=\"galeria-partners\"><!-- [et_pb_line_break_holder] -->    <\/p>\n<div class=\"slider-container\"><!-- [et_pb_line_break_holder] -->        <button class=\"nav prev\" onclick=\"slide(-1)\">\u2039<\/button><!-- [et_pb_line_break_holder] -->        <\/p>\n<div class=\"slider\" id=\"slider\"><!-- [et_pb_line_break_holder] -->            <img decoding=\"async\" src=\"\/wp-content\/uploads\/2025\/09\/logo-grupo-matrival-bymingenieros.jpeg\" alt=\"\"><!-- [et_pb_line_break_holder] -->            <img decoding=\"async\" src=\"\/wp-content\/uploads\/2025\/09\/srg-global-2-gal.jpg\" alt=\"\"><!-- [et_pb_line_break_holder] -->            <img decoding=\"async\" src=\"\/wp-content\/uploads\/2025\/09\/benteler-gal.jpg\" alt=\"\"><!-- [et_pb_line_break_holder] -->            <img decoding=\"async\" src=\"\/wp-content\/uploads\/2025\/09\/johnson-controls-gal.jpg\" alt=\"\"><!-- [et_pb_line_break_holder] -->            <img decoding=\"async\" src=\"\/wp-content\/uploads\/2025\/09\/surteco-gal.jpg\" alt=\"\"><!-- [et_pb_line_break_holder] -->            <img decoding=\"async\" src=\"\/wp-content\/uploads\/2025\/09\/lamichapa-gal.jpg\" alt=\"\"><!-- [et_pb_line_break_holder] -->            <img decoding=\"async\" src=\"\/wp-content\/uploads\/2025\/09\/aranco-gal.jpg\" alt=\"\"><!-- [et_pb_line_break_holder] -->            <img decoding=\"async\" src=\"\/wp-content\/uploads\/2025\/09\/gestamp-gal-red.jpg\" alt=\"\"><!-- [et_pb_line_break_holder] -->            <img decoding=\"async\" src=\"\/wp-content\/uploads\/2025\/09\/paiarrop-gal.jpg\" alt=\"\"><!-- [et_pb_line_break_holder] -->            <img decoding=\"async\" src=\"\/wp-content\/uploads\/2025\/09\/cantisa-gal.jpg\" alt=\"\"><!-- [et_pb_line_break_holder] -->        <\/div>\n<p><!-- [et_pb_line_break_holder] -->        <button class=\"nav next\" onclick=\"slide(1)\">\u203a<\/button><!-- [et_pb_line_break_holder] -->    <\/div>\n<p><!-- [et_pb_line_break_holder] --><\/div>\n<p><!-- [et_pb_line_break_holder] --><\/p>\n<style><!-- [et_pb_line_break_holder] -->    .galeria-partners .slider-container {<!-- [et_pb_line_break_holder] -->        width: 100%;<!-- [et_pb_line_break_holder] -->        position: relative;<!-- [et_pb_line_break_holder] -->        overflow: hidden;<!-- [et_pb_line_break_holder] -->    }<!-- [et_pb_line_break_holder] --><!-- [et_pb_line_break_holder] -->    .galeria-partners .slider {<!-- [et_pb_line_break_holder] -->        display: flex;<!-- [et_pb_line_break_holder] -->        transition: transform 0.5s ease;<!-- [et_pb_line_break_holder] -->    }<!-- [et_pb_line_break_holder] --><!-- [et_pb_line_break_holder] -->    .galeria-partners .slider img {<!-- [et_pb_line_break_holder] -->        width: 30%;<!-- [et_pb_line_break_holder] -->        height: auto;<!-- [et_pb_line_break_holder] -->        object-fit: cover;<!-- [et_pb_line_break_holder] -->        flex-shrink: 0;<!-- [et_pb_line_break_holder] -->    }<!-- [et_pb_line_break_holder] --><!-- [et_pb_line_break_holder] -->    .galeria-partners .nav {<!-- [et_pb_line_break_holder] -->        position: absolute;<!-- [et_pb_line_break_holder] -->        top: 50%;<!-- [et_pb_line_break_holder] -->        transform: translateY(-50%);<!-- [et_pb_line_break_holder] -->        background-color: #008080;<!-- [et_pb_line_break_holder] -->        color: white;<!-- [et_pb_line_break_holder] -->        border: none;<!-- [et_pb_line_break_holder] -->        font-size: 2rem;<!-- [et_pb_line_break_holder] -->        padding: 0 10px;<!-- [et_pb_line_break_holder] -->        cursor: pointer;<!-- [et_pb_line_break_holder] -->        z-index: 1;<!-- [et_pb_line_break_holder] -->    }<!-- [et_pb_line_break_holder] --><!-- [et_pb_line_break_holder] -->    .galeria-partners .prev {<!-- [et_pb_line_break_holder] -->        left: 0;<!-- [et_pb_line_break_holder] -->    }<!-- [et_pb_line_break_holder] --><!-- [et_pb_line_break_holder] -->    .galeria-partners .next {<!-- [et_pb_line_break_holder] -->        right: 0;<!-- [et_pb_line_break_holder] -->    }<!-- [et_pb_line_break_holder] --><\/style>\n<p><!-- [et_pb_line_break_holder] --><script type=\"text\/javascript\"><!-- [et_pb_line_break_holder] -->try {<!-- [et_pb_line_break_holder] -->        const slider = document.getElementById(\"slider\");<!-- [et_pb_line_break_holder] -->        const images = slider.querySelectorAll(\"img\");<!-- [et_pb_line_break_holder] -->        const imageWidth = images[0].offsetWidth;<!-- [et_pb_line_break_holder] -->        let currentIndex = 0;<!-- [et_pb_line_break_holder] -->        function slide(direction) {<!-- [et_pb_line_break_holder] -->            const maxIndex = images.length - 3;<!-- [et_pb_line_break_holder] -->            currentIndex += direction;<!-- [et_pb_line_break_holder] -->            if (currentIndex > maxIndex) {<!-- [et_pb_line_break_holder] -->                currentIndex = 0;<!-- [et_pb_line_break_holder] -->            } else if (currentIndex < 0) {<!-- [et_pb_line_break_holder] -->                currentIndex = maxIndex;<!-- [et_pb_line_break_holder] -->            }<!-- [et_pb_line_break_holder] -->            slider.style.transform = `translateX(-${currentIndex * imageWidth}px)`;<!-- [et_pb_line_break_holder] -->        }<!-- [et_pb_line_break_holder] -->        setInterval(() => {<!-- [et_pb_line_break_holder] -->            slide(1);<!-- [et_pb_line_break_holder] -->        }, 5000);<!-- [et_pb_line_break_holder] -->    } catch (e) { }<!-- [et_pb_line_break_holder] --><\/script>[\/et_pb_code][\/et_pb_column][\/et_pb_row][\/et_pb_section]<\/p>\n","protected":false},"excerpt":{"rendered":"<p>Somos una empresa de tama\u00f1o medio ubicada en Rafelbu\u00f1ol, Valencia, que cuenta con m\u00e1s de 28 a\u00f1os de experiencia en el sector de la automatizaci\u00f3n industrial. En BYM nos dedicamos a la automatizaci\u00f3n de procesos industriales mediante proyectos llave en mano, integrando todas las fases del proyecto desde el dise\u00f1o y la fabricaci\u00f3n hasta la [&hellip;]<\/p>\n","protected":false},"author":1,"featured_media":0,"parent":0,"menu_order":0,"comment_status":"closed","ping_status":"closed","template":"","meta":{"_et_pb_use_builder":"on","_et_pb_old_content":"","_et_gb_content_width":"","footnotes":""},"class_list":["post-71","page","type-page","status-publish","hentry"],"_links":{"self":[{"href":"https:\/\/bym.ovver.es\/index.php\/wp-json\/wp\/v2\/pages\/71","targetHints":{"allow":["GET"]}}],"collection":[{"href":"https:\/\/bym.ovver.es\/index.php\/wp-json\/wp\/v2\/pages"}],"about":[{"href":"https:\/\/bym.ovver.es\/index.php\/wp-json\/wp\/v2\/types\/page"}],"author":[{"embeddable":true,"href":"https:\/\/bym.ovver.es\/index.php\/wp-json\/wp\/v2\/users\/1"}],"replies":[{"embeddable":true,"href":"https:\/\/bym.ovver.es\/index.php\/wp-json\/wp\/v2\/comments?post=71"}],"version-history":[{"count":95,"href":"https:\/\/bym.ovver.es\/index.php\/wp-json\/wp\/v2\/pages\/71\/revisions"}],"predecessor-version":[{"id":424,"href":"https:\/\/bym.ovver.es\/index.php\/wp-json\/wp\/v2\/pages\/71\/revisions\/424"}],"wp:attachment":[{"href":"https:\/\/bym.ovver.es\/index.php\/wp-json\/wp\/v2\/media?parent=71"}],"curies":[{"name":"wp","href":"https:\/\/api.w.org\/{rel}","templated":true}]}}