{"id":168,"date":"2025-09-16T10:44:47","date_gmt":"2025-09-16T08:44:47","guid":{"rendered":"http:\/\/bym.ovver.es\/?page_id=168"},"modified":"2025-10-31T16:49:28","modified_gmt":"2025-10-31T15:49:28","slug":"proyectos","status":"publish","type":"page","link":"https:\/\/bym.ovver.es\/index.php\/proyectos\/","title":{"rendered":"Proyectos"},"content":{"rendered":"<p>[et_pb_section fb_built=\u00bb1&#8243; fullwidth=\u00bbon\u00bb _builder_version=\u00bb4.27.4&#8243; _module_preset=\u00bbdefault\u00bb background_color=\u00bbrgba(255,255,255,0.56)\u00bb background_image=\u00bbhttps:\/\/bym.ovver.es\/wp-content\/uploads\/2025\/10\/backgroun-quienes-somos.jpg\u00bb min_height=\u00bb350px\u00bb global_colors_info=\u00bb{}\u00bb theme_builder_area=\u00bbpost_content\u00bb][et_pb_fullwidth_header text_orientation=\u00bbcenter\u00bb background_overlay_color=\u00bbrgba(255,255,255,0.73)\u00bb _builder_version=\u00bb4.27.4&#8243; _module_preset=\u00bbdefault\u00bb title_font=\u00bbPoppins||||||||\u00bb title_text_color=\u00bb#008080&#8243; title_font_size=\u00bb55px\u00bb title_letter_spacing=\u00bb-3px\u00bb background_color=\u00bbrgba(255,255,255,0.24)\u00bb background_image=\u00bbhttps:\/\/bym.ovver.es\/wp-content\/uploads\/2025\/10\/backgroun-quienes-somos.jpg\u00bb height=\u00bb450px\u00bb global_colors_info=\u00bb{}\u00bb theme_builder_area=\u00bbpost_content\u00bb][\/et_pb_fullwidth_header][\/et_pb_section][et_pb_section fb_built=\u00bb1&#8243; _builder_version=\u00bb4.27.4&#8243; _module_preset=\u00bbdefault\u00bb width=\u00bb85%\u00bb max_width=\u00bb85%\u00bb custom_margin=\u00bb-5%|auto|3%|auto|false|true\u00bb hover_enabled=\u00bb0&#8243; box_shadow_style=\u00bbpreset2&#8243; box_shadow_color=\u00bbrgba(0,0,0,0.06)\u00bb global_colors_info=\u00bb{}\u00bb theme_builder_area=\u00bbpost_content\u00bb sticky_enabled=\u00bb0&#8243;][et_pb_row column_structure=\u00bb1_3,2_3&#8243; use_custom_gutter=\u00bbon\u00bb _builder_version=\u00bb4.27.4&#8243; _module_preset=\u00bbdefault\u00bb width=\u00bb85%\u00bb max_width=\u00bb85%\u00bb custom_padding=\u00bb||40px||false|false\u00bb global_colors_info=\u00bb{}\u00bb theme_builder_area=\u00bbpost_content\u00bb][et_pb_column type=\u00bb1_3&#8243; _builder_version=\u00bb4.27.4&#8243; _module_preset=\u00bbdefault\u00bb global_colors_info=\u00bb{}\u00bb theme_builder_area=\u00bbpost_content\u00bb][et_pb_heading title=\u00bbProyectos\u00bb _builder_version=\u00bb4.27.4&#8243; _module_preset=\u00bbdefault\u00bb title_font=\u00bbRaleway|600|||||||\u00bb title_text_align=\u00bbleft\u00bb title_text_color=\u00bb#008080&#8243; title_font_size=\u00bb45px\u00bb hover_enabled=\u00bb0&#8243; global_colors_info=\u00bb{}\u00bb theme_builder_area=\u00bbpost_content\u00bb sticky_enabled=\u00bb0&#8243;][\/et_pb_heading][\/et_pb_column][et_pb_column type=\u00bb2_3&#8243; _builder_version=\u00bb4.27.4&#8243; _module_preset=\u00bbdefault\u00bb global_colors_info=\u00bb{}\u00bb theme_builder_area=\u00bbpost_content\u00bb][et_pb_text _builder_version=\u00bb4.27.4&#8243; _module_preset=\u00bbdefault\u00bb text_font=\u00bbRaleway||||||||\u00bb text_font_size=\u00bb16px\u00bb text_line_height=\u00bb2.1em\u00bb hover_enabled=\u00bb0&#8243; global_colors_info=\u00bb{}\u00bb theme_builder_area=\u00bbpost_content\u00bb sticky_enabled=\u00bb0&#8243;]En ByM Ingenieros desarrollamos e integramos m\u00e1quinas con tecnolog\u00eda propia, utilizando los medios m\u00e1s avanzados, con una preocupaci\u00f3n constante por la funcionalidad, desde el dise\u00f1o hasta la puesta en marcha, ofreciendo a sus clientes seriedad y calidad en el trabajo.[\/et_pb_text][\/et_pb_column][\/et_pb_row][\/et_pb_section][et_pb_section fb_built=\u00bb1&#8243; _builder_version=\u00bb4.27.4&#8243; _module_preset=\u00bbdefault\u00bb hover_enabled=\u00bb0&#8243; global_colors_info=\u00bb{}\u00bb sticky_enabled=\u00bb0&#8243; background_color=\u00bb#f2f3f5&#8243;][et_pb_row _builder_version=\u00bb4.27.4&#8243; _module_preset=\u00bbdefault\u00bb hover_enabled=\u00bb0&#8243; global_colors_info=\u00bb{}\u00bb use_custom_gutter=\u00bbon\u00bb width=\u00bb85%\u00bb max_width=\u00bb85%\u00bb sticky_enabled=\u00bb0&#8243;][et_pb_column type=\u00bb4_4&#8243; _builder_version=\u00bb4.27.4&#8243; _module_preset=\u00bbdefault\u00bb global_colors_info=\u00bb{}\u00bb][et_pb_text _builder_version=\u00bb4.27.4&#8243; _module_preset=\u00bbdefault\u00bb hover_enabled=\u00bb0&#8243; global_colors_info=\u00bb{}\u00bb sticky_enabled=\u00bb0&#8243;]<\/p>\n<div class=\"lista-proyectos\"><div class=\"proyecto-item\"><div class=\"proyecto-imagenes\"><div class=\"slider-wrapper\" id=\"proyecto-wrapper-galeria_249\"><div class=\"proyecto-imagenes-slider\"><img decoding=\"async\" src=\"https:\/\/bym.ovver.es\/wp-content\/uploads\/2025\/09\/indexin-table-robot-cell-4.jpg\" alt=\"\" style=\"max-width:100%; height:auto;\"><\/div><div class=\"proyecto-imagenes-slider\"><img decoding=\"async\" src=\"https:\/\/bym.ovver.es\/wp-content\/uploads\/2025\/09\/indexin-table-robot-cell-3.jpg\" alt=\"\" style=\"max-width:100%; height:auto;\"><\/div><div class=\"proyecto-imagenes-slider\"><img decoding=\"async\" src=\"https:\/\/bym.ovver.es\/wp-content\/uploads\/2025\/09\/indexin-table-robot-cell-2.jpg\" alt=\"\" style=\"max-width:100%; height:auto;\"><\/div><div class=\"proyecto-imagenes-slider\"><img decoding=\"async\" src=\"https:\/\/bym.ovver.es\/wp-content\/uploads\/2025\/09\/indexin-table-robot-cell.jpg\" alt=\"\" style=\"max-width:100%; height:auto;\"><\/div><\/div><div class=\"proyecto-imagenes-botones\" id=\"botones-galeria-galeria_249\"><button class=\"slider-prev\">\u2039<\/button><button class=\"slider-next\">\u203a<\/button><\/div><\/div><script>\n                try {\n  document.addEventListener(\"DOMContentLoaded\", function () {\n    const botonesGalerias = document.getElementsByClassName(\n      \"proyecto-imagenes-botones\"\n    );\n\n    for (let i = 0; i < botonesGalerias.length; i++) {\n      const galeriaId = botonesGalerias[i].id.replace(\"botones-galeria-\", \"\");\n      const wrapper = document.querySelector(\"#proyecto-wrapper-\" + galeriaId);\n      const sliders = wrapper.querySelectorAll(\".proyecto-imagenes-slider\");\n      const prevBtn = botonesGalerias[i].querySelector(\".slider-prev\");\n      const nextBtn = botonesGalerias[i].querySelector(\".slider-next\");\n\n      let index = 0;\n\n      function updateSlider() {\n        wrapper.style.transform = \"translateX(\" + -index * 100 + \"%)\";\n      }\n\n      prevBtn.addEventListener(\"click\", () => {\n        index = index > 0 ? index - 1 : sliders.length - 1;\n        updateSlider();\n      });\n\n      nextBtn.addEventListener(\"click\", () => {\n        index = index < sliders.length - 1 ? index + 1 : 0;\n        updateSlider();\n      });\n    }\n  });\n} catch (e) {}\n<\/script><div class=\"proyecto-contenido\"><h3>VW TOUAREG WHEEL ARCH ULTRASONIC WELDING ROBOTIC CELLS<\/h3><p class=\"proyecto-categorias\">Rob\u00f3tica Industrial<\/p><hr><p>C\u00e9lulas robotizadas para el montaje de componentes y soldadura por ultrasonidos entre piel e inserto de pasos de rueda, mediante utillajes intercambiables en la bancada y cabezal en robot con sonotrodo flotante y sensores de presi\u00f3n y profundidad de soldadura. Dispone adem\u00e1s de sistema de verificaci\u00f3n de componentes por visi\u00f3n artificial.<\/p><\/div><\/div><div class=\"proyecto-item\"><div class=\"proyecto-imagenes\"><div class=\"slider-wrapper\" id=\"proyecto-wrapper-galeria_156\"><div class=\"proyecto-imagenes-slider\"><img decoding=\"async\" src=\"https:\/\/bym.ovver.es\/wp-content\/uploads\/2025\/09\/indexin-table-robot-cell.jpg\" alt=\"\" style=\"max-width:100%; height:auto;\"><\/div><div class=\"proyecto-imagenes-slider\"><img decoding=\"async\" src=\"https:\/\/bym.ovver.es\/wp-content\/uploads\/2025\/09\/indexin-table-robot-cell-4.jpg\" alt=\"\" style=\"max-width:100%; height:auto;\"><\/div><div class=\"proyecto-imagenes-slider\"><img decoding=\"async\" src=\"https:\/\/bym.ovver.es\/wp-content\/uploads\/2025\/09\/indexin-table-robot-cell-2.jpg\" alt=\"\" style=\"max-width:100%; height:auto;\"><\/div><div class=\"proyecto-imagenes-slider\"><img decoding=\"async\" src=\"https:\/\/bym.ovver.es\/wp-content\/uploads\/2025\/09\/indexin-table-robot-cell-3.jpg\" alt=\"\" style=\"max-width:100%; height:auto;\"><\/div><\/div><div class=\"proyecto-imagenes-botones\" id=\"botones-galeria-galeria_156\"><button class=\"slider-prev\">\u2039<\/button><button class=\"slider-next\">\u203a<\/button><\/div><\/div><script>\n                try {\n  document.addEventListener(\"DOMContentLoaded\", function () {\n    const botonesGalerias = document.getElementsByClassName(\n      \"proyecto-imagenes-botones\"\n    );\n\n    for (let i = 0; i < botonesGalerias.length; i++) {\n      const galeriaId = botonesGalerias[i].id.replace(\"botones-galeria-\", \"\");\n      const wrapper = document.querySelector(\"#proyecto-wrapper-\" + galeriaId);\n      const sliders = wrapper.querySelectorAll(\".proyecto-imagenes-slider\");\n      const prevBtn = botonesGalerias[i].querySelector(\".slider-prev\");\n      const nextBtn = botonesGalerias[i].querySelector(\".slider-next\");\n\n      let index = 0;\n\n      function updateSlider() {\n        wrapper.style.transform = \"translateX(\" + -index * 100 + \"%)\";\n      }\n\n      prevBtn.addEventListener(\"click\", () => {\n        index = index > 0 ? index - 1 : sliders.length - 1;\n        updateSlider();\n      });\n\n      nextBtn.addEventListener(\"click\", () => {\n        index = index < sliders.length - 1 ? index + 1 : 0;\n        updateSlider();\n      });\n    }\n  });\n} catch (e) {}\n<\/script><div class=\"proyecto-contenido\"><h3>SPOILER CORSA 4-STATION INDEXING TABLE AND ROBOTIC CELL<\/h3><p class=\"proyecto-categorias\">Automatizaci\u00f3n Industrial, Rob\u00f3tica Industrial<\/p><hr><p>Instalaci\u00f3n compuesta por mesa indexadora de 4 estaciones para el proceso de montaje de piezas, aplicaci\u00f3n robotizada de foam, y comprobaci\u00f3n de componentes, mediante la combinaci\u00f3n de dos estaciones de montaje manual y dos autom\u00e1ticas, la primera de adhesivado del foam con robot y la segunda de prensado y comprobaci\u00f3n mediante sens\u00f3rica.<\/p><\/div><\/div><\/div>\n<p>[\/et_pb_text][\/et_pb_column][\/et_pb_row][\/et_pb_section]<\/p>\n","protected":false},"excerpt":{"rendered":"<p>Instalaci\u00f3n compuesta por mesa indexadora de 4 estaciones para el proceso de montaje de piezas, aplicaci\u00f3n robotizada de foam, y comprobaci\u00f3n de componentes, mediante la combinaci\u00f3n de dos estaciones de montaje manual y dos autom\u00e1ticas, la primera de adhesivado del foam con robot y la segunda de prensado y comprobaci\u00f3n mediante sens\u00f3rica. Categor\u00edas: Automatizaci\u00f3n Industrial, Rob\u00f3tica Industrial<\/p>\n","protected":false},"author":1,"featured_media":0,"parent":0,"menu_order":0,"comment_status":"closed","ping_status":"closed","template":"","meta":{"_et_pb_use_builder":"on","_et_pb_old_content":"","_et_gb_content_width":"","footnotes":""},"class_list":["post-168","page","type-page","status-publish","hentry"],"_links":{"self":[{"href":"https:\/\/bym.ovver.es\/index.php\/wp-json\/wp\/v2\/pages\/168","targetHints":{"allow":["GET"]}}],"collection":[{"href":"https:\/\/bym.ovver.es\/index.php\/wp-json\/wp\/v2\/pages"}],"about":[{"href":"https:\/\/bym.ovver.es\/index.php\/wp-json\/wp\/v2\/types\/page"}],"author":[{"embeddable":true,"href":"https:\/\/bym.ovver.es\/index.php\/wp-json\/wp\/v2\/users\/1"}],"replies":[{"embeddable":true,"href":"https:\/\/bym.ovver.es\/index.php\/wp-json\/wp\/v2\/comments?post=168"}],"version-history":[{"count":8,"href":"https:\/\/bym.ovver.es\/index.php\/wp-json\/wp\/v2\/pages\/168\/revisions"}],"predecessor-version":[{"id":481,"href":"https:\/\/bym.ovver.es\/index.php\/wp-json\/wp\/v2\/pages\/168\/revisions\/481"}],"wp:attachment":[{"href":"https:\/\/bym.ovver.es\/index.php\/wp-json\/wp\/v2\/media?parent=168"}],"curies":[{"name":"wp","href":"https:\/\/api.w.org\/{rel}","templated":true}]}}