{"id":118,"date":"2025-09-16T08:53:55","date_gmt":"2025-09-16T06:53:55","guid":{"rendered":"http:\/\/bym.ovver.es\/?page_id=118"},"modified":"2025-10-31T14:47:05","modified_gmt":"2025-10-31T13:47:05","slug":"areas-negocio","status":"publish","type":"page","link":"https:\/\/bym.ovver.es\/index.php\/areas-negocio\/","title":{"rendered":"\u00c1reas de Negocio"},"content":{"rendered":"<p>[et_pb_section fb_built=\u00bb1&#8243; fullwidth=\u00bbon\u00bb _builder_version=\u00bb4.27.4&#8243; _module_preset=\u00bbdefault\u00bb background_color=\u00bbrgba(255,255,255,0.56)\u00bb background_image=\u00bbhttps:\/\/bym.ovver.es\/wp-content\/uploads\/2025\/10\/backgroun-areas-negocio.jpg\u00bb min_height=\u00bb350px\u00bb global_colors_info=\u00bb{}\u00bb][et_pb_fullwidth_header text_orientation=\u00bbcenter\u00bb background_overlay_color=\u00bbrgba(255,255,255,0.73)\u00bb _builder_version=\u00bb4.27.4&#8243; _module_preset=\u00bbdefault\u00bb title_font=\u00bbPoppins||||||||\u00bb title_text_color=\u00bb#008080&#8243; title_font_size=\u00bb55px\u00bb title_letter_spacing=\u00bb-3px\u00bb background_color=\u00bbrgba(255,255,255,0.24)\u00bb background_image=\u00bbhttps:\/\/bym.ovver.es\/wp-content\/uploads\/2025\/10\/backgroun-areas-negocio.jpg\u00bb height=\u00bb450px\u00bb global_colors_info=\u00bb{}\u00bb][\/et_pb_fullwidth_header][\/et_pb_section][et_pb_section fb_built=\u00bb1&#8243; _builder_version=\u00bb4.27.4&#8243; _module_preset=\u00bbdefault\u00bb width=\u00bb85%\u00bb max_width=\u00bb85%\u00bb custom_margin=\u00bb-5%|auto|3%|auto|false|true\u00bb box_shadow_style=\u00bbpreset2&#8243; box_shadow_color=\u00bbrgba(0,0,0,0.06)\u00bb global_colors_info=\u00bb{}\u00bb][et_pb_row column_structure=\u00bb1_3,2_3&#8243; use_custom_gutter=\u00bbon\u00bb _builder_version=\u00bb4.27.4&#8243; _module_preset=\u00bbdefault\u00bb width=\u00bb85%\u00bb max_width=\u00bb85%\u00bb custom_padding=\u00bb||40px||false|false\u00bb global_colors_info=\u00bb{}\u00bb][et_pb_column type=\u00bb1_3&#8243; _builder_version=\u00bb4.27.4&#8243; _module_preset=\u00bbdefault\u00bb global_colors_info=\u00bb{}\u00bb][et_pb_heading title=\u00bb\u00c1reas de Negocio\u00bb _builder_version=\u00bb4.27.4&#8243; _module_preset=\u00bbdefault\u00bb title_font=\u00bbRaleway|600|||||||\u00bb title_text_align=\u00bbleft\u00bb title_text_color=\u00bb#008080&#8243; title_font_size=\u00bb45px\u00bb global_colors_info=\u00bb{}\u00bb][\/et_pb_heading][\/et_pb_column][et_pb_column type=\u00bb2_3&#8243; _builder_version=\u00bb4.27.4&#8243; _module_preset=\u00bbdefault\u00bb global_colors_info=\u00bb{}\u00bb][et_pb_text _builder_version=\u00bb4.27.4&#8243; _module_preset=\u00bbdefault\u00bb text_font=\u00bbRaleway||||||||\u00bb text_font_size=\u00bb16px\u00bb text_line_height=\u00bb2.1em\u00bb global_colors_info=\u00bb{}\u00bb]<\/p>\n<p><span>Nuestros ingenieros y t\u00e9cnicos componen un\u00a0<\/span><strong>equipo multidisciplinar de profesionales<\/strong><span>, con gran experiencia en distintos campos como son el dise\u00f1o mec\u00e1nico y el\u00e9ctrico, programaci\u00f3n de PLC\u2019s, robots y sistemas de visi\u00f3n artificial.<\/span><\/p>\n<p><span>La diversidad de procesos, el conocimiento de las tecnolog\u00edas y su aplicaci\u00f3n a sectores muy diferentes han conducido al\u00a0<strong>perfeccionamiento<\/strong>\u00a0de nuestra actividad y al enriquecimiento de nuestro\u00a0<strong>Know-How.<\/strong><\/span><\/p>\n<p>[\/et_pb_text][\/et_pb_column][\/et_pb_row][\/et_pb_section][et_pb_section fb_built=\u00bb1&#8243; _builder_version=\u00bb4.27.4&#8243; _module_preset=\u00bbdefault\u00bb background_color=\u00bb#f2f3f5&#8243; global_colors_info=\u00bb{}\u00bb][et_pb_row column_structure=\u00bb1_2,1_2&#8243; use_custom_gutter=\u00bbon\u00bb make_equal=\u00bbon\u00bb _builder_version=\u00bb4.27.4&#8243; _module_preset=\u00bbdefault\u00bb background_color=\u00bb#FFFFFF\u00bb width=\u00bb75%\u00bb max_width=\u00bb75%\u00bb custom_margin=\u00bb||50px||false|false\u00bb custom_padding=\u00bb0px|0px|0px|0px|false|false\u00bb global_colors_info=\u00bb{}\u00bb][et_pb_column type=\u00bb1_2&#8243; _builder_version=\u00bb4.27.4&#8243; _module_preset=\u00bbdefault\u00bb global_colors_info=\u00bb{}\u00bb][et_pb_image src=\u00bbhttps:\/\/bym.ovver.es\/wp-content\/uploads\/2025\/10\/automatizacion-industrial-coches.jpg\u00bb title_text=\u00bbautomatizacion-industrial-coches\u00bb _builder_version=\u00bb4.27.4&#8243; _module_preset=\u00bbdefault\u00bb global_colors_info=\u00bb{}\u00bb][\/et_pb_image][\/et_pb_column][et_pb_column type=\u00bb1_2&#8243; _builder_version=\u00bb4.27.4&#8243; _module_preset=\u00bbdefault\u00bb custom_padding=\u00bb40px|60px|30px||false|false\u00bb global_colors_info=\u00bb{}\u00bb][et_pb_heading title=\u00bbAutomatizaci\u00f3n Industrial\u00bb _builder_version=\u00bb4.27.4&#8243; _module_preset=\u00bbdefault\u00bb title_font=\u00bbRaleway|600|||||||\u00bb title_text_align=\u00bbleft\u00bb title_text_color=\u00bb#008080&#8243; title_font_size=\u00bb35px\u00bb custom_margin=\u00bb||20px||false|false\u00bb global_colors_info=\u00bb{}\u00bb][\/et_pb_heading][et_pb_text _builder_version=\u00bb4.27.4&#8243; _module_preset=\u00bbdefault\u00bb text_font=\u00bbRaleway||||||||\u00bb text_font_size=\u00bb16px\u00bb text_line_height=\u00bb30px\u00bb custom_margin=\u00bb||13px|||\u00bb global_colors_info=\u00bb{}\u00bb]<\/p>\n<p style=\"text-align: justify;\"><span>Proyectos llave en mano, cubriendo todo el proceso de fabricaci\u00f3n desde su inicio hasta su finalizaci\u00f3n, que incluye las tareas de:<\/span><\/p>\n<p>[\/et_pb_text][et_pb_text _builder_version=\u00bb4.27.4&#8243; _module_preset=\u00bbdefault\u00bb text_font=\u00bbRaleway||||||||\u00bb text_font_size=\u00bb16px\u00bb global_colors_info=\u00bb{}\u00bb]<\/p>\n<ul class=\"home-custom-list\">\n<li><i class=\"fa-solid fa-circle-check\"><\/i>Fabrciaci\u00f3n, Dise\u00f1o mec\u00e1nico y el\u00e9ctrico.<\/li>\n<li><i class=\"fa-solid fa-circle-check\"><\/i>Programaci\u00f3n de PLC\u2019s e Integraci\u00f3n de sistemas<\/li>\n<li><i class=\"fa-solid fa-circle-check\"><\/i>Robots, Seguridades y Sistemas expertos.<\/li>\n<li><i class=\"fa-solid fa-circle-check\"><\/i>Expediente t\u00e9cnico CE y formaci\u00f3n.<\/li>\n<\/ul>\n<p>[\/et_pb_text][\/et_pb_column][\/et_pb_row][et_pb_row column_structure=\u00bb1_2,1_2&#8243; use_custom_gutter=\u00bbon\u00bb make_equal=\u00bbon\u00bb _builder_version=\u00bb4.27.4&#8243; _module_preset=\u00bbdefault\u00bb background_color=\u00bb#FFFFFF\u00bb width=\u00bb75%\u00bb max_width=\u00bb75%\u00bb custom_margin=\u00bb||50px||false|false\u00bb custom_padding=\u00bb0px|0px|0px|0px|false|false\u00bb global_colors_info=\u00bb{}\u00bb][et_pb_column type=\u00bb1_2&#8243; _builder_version=\u00bb4.27.4&#8243; _module_preset=\u00bbdefault\u00bb custom_padding=\u00bb50px|60px|50px|60px|true|false\u00bb global_colors_info=\u00bb{}\u00bb][et_pb_heading title=\u00bbRob\u00f3tica Industrial\u00bb _builder_version=\u00bb4.27.4&#8243; _module_preset=\u00bbdefault\u00bb title_font=\u00bbRaleway|600|||||||\u00bb title_text_align=\u00bbleft\u00bb title_text_color=\u00bb#008080&#8243; title_font_size=\u00bb35px\u00bb custom_margin=\u00bb||20px||false|false\u00bb global_colors_info=\u00bb{}\u00bb][\/et_pb_heading][et_pb_text _builder_version=\u00bb4.27.4&#8243; _module_preset=\u00bbdefault\u00bb text_font=\u00bbRaleway||||||||\u00bb text_font_size=\u00bb16px\u00bb text_line_height=\u00bb30px\u00bb custom_margin=\u00bb||13px|||\u00bb global_colors_info=\u00bb{}\u00bb]<\/p>\n<p style=\"text-align: justify;\"><span>Programaci\u00f3n de brazos industriales y robots colaborativos de varios fabricantes. Asesoramiento t\u00e9cnico de los procesos robotizados junto con el cliente para la optimizaci\u00f3n de los mismos y mejora del tiempo de ciclo.<\/span><\/p>\n<p>[\/et_pb_text][et_pb_text _builder_version=\u00bb4.27.4&#8243; _module_preset=\u00bbdefault\u00bb text_font=\u00bbRaleway||||||||\u00bb text_font_size=\u00bb16px\u00bb global_colors_info=\u00bb{}\u00bb]<\/p>\n<ul class=\"home-custom-list\">\n<li><i class=\"fa-solid fa-circle-check\"><\/i>Programaci\u00f3n de brazos industriales y robots colaborativos de varios fabricantes.<\/li>\n<li><i class=\"fa-solid fa-circle-check\"><\/i>Asesoramiento t\u00e9cnico de los procesos robotizados junto con el cliente para optimizaci\u00f3n de los mismos y mejora del tiempo de ciclo.<\/li>\n<\/ul>\n<p>[\/et_pb_text][\/et_pb_column][et_pb_column type=\u00bb1_2&#8243; _builder_version=\u00bb4.27.4&#8243; _module_preset=\u00bbdefault\u00bb custom_padding=\u00bb0px|0px|0px|0px|false|false\u00bb global_colors_info=\u00bb{}\u00bb][et_pb_image src=\u00bbhttps:\/\/bym.ovver.es\/wp-content\/uploads\/2025\/10\/roboticoa-industrial-brazo.jpg\u00bb title_text=\u00bbroboticoa-industrial-brazo\u00bb _builder_version=\u00bb4.27.4&#8243; _module_preset=\u00bbdefault\u00bb global_colors_info=\u00bb{}\u00bb][\/et_pb_image][\/et_pb_column][\/et_pb_row][et_pb_row column_structure=\u00bb1_2,1_2&#8243; use_custom_gutter=\u00bbon\u00bb make_equal=\u00bbon\u00bb _builder_version=\u00bb4.27.4&#8243; _module_preset=\u00bbdefault\u00bb background_color=\u00bb#FFFFFF\u00bb width=\u00bb75%\u00bb max_width=\u00bb75%\u00bb custom_margin=\u00bb||50px||false|false\u00bb custom_padding=\u00bb0px|0px|0px|0px|false|false\u00bb global_colors_info=\u00bb{}\u00bb][et_pb_column type=\u00bb1_2&#8243; _builder_version=\u00bb4.27.4&#8243; _module_preset=\u00bbdefault\u00bb global_colors_info=\u00bb{}\u00bb][et_pb_image src=\u00bbhttps:\/\/bym.ovver.es\/wp-content\/uploads\/2025\/10\/primer-plano-de-un-especialista-de-una-fabrica-fotovoltaica-realizando-experimentos-en-un-portatil-scaled.jpg\u00bb title_text=\u00bbClose up of photovoltaics factory specialist conducting experiments on notebook\u00bb _builder_version=\u00bb4.27.4&#8243; _module_preset=\u00bbdefault\u00bb global_colors_info=\u00bb{}\u00bb][\/et_pb_image][\/et_pb_column][et_pb_column type=\u00bb1_2&#8243; _builder_version=\u00bb4.27.4&#8243; _module_preset=\u00bbdefault\u00bb custom_padding=\u00bb60px|60px|30px||false|false\u00bb global_colors_info=\u00bb{}\u00bb][et_pb_heading title=\u00bbProcesos\u00bb _builder_version=\u00bb4.27.4&#8243; _module_preset=\u00bbdefault\u00bb title_font=\u00bbRaleway|600|||||||\u00bb title_text_align=\u00bbleft\u00bb title_text_color=\u00bb#008080&#8243; title_font_size=\u00bb35px\u00bb custom_margin=\u00bb||20px||false|false\u00bb global_colors_info=\u00bb{}\u00bb][\/et_pb_heading][et_pb_text _builder_version=\u00bb4.27.4&#8243; _module_preset=\u00bbdefault\u00bb text_font=\u00bbRaleway||||||||\u00bb text_font_size=\u00bb16px\u00bb text_line_height=\u00bb30px\u00bb custom_margin=\u00bb||13px|||\u00bb global_colors_info=\u00bb{}\u00bb]<\/p>\n<p style=\"text-align: justify;\"><span>Estudio de los procesos desde su fase preliminar en colaboraci\u00f3n con el cliente. Asesoramiento t\u00e9cnico sobre las mejores tecnolog\u00edas a utilizar.<\/span><\/p>\n<p>[\/et_pb_text][et_pb_text _builder_version=\u00bb4.27.4&#8243; _module_preset=\u00bbdefault\u00bb text_font=\u00bbRaleway||||||||\u00bb text_font_size=\u00bb16px\u00bb global_colors_info=\u00bb{}\u00bb]<\/p>\n<ul class=\"home-custom-list\">\n<li><i class=\"fa-solid fa-circle-check\"><\/i>Ingenier\u00eda de planta.<\/li>\n<li><i class=\"fa-solid fa-circle-check\"><\/i>Flujos de materiales.<\/li>\n<li><i class=\"fa-solid fa-circle-check\"><\/i>Dise\u00f1o de layouts.<\/li>\n<\/ul>\n<p>[\/et_pb_text][\/et_pb_column][\/et_pb_row][et_pb_row column_structure=\u00bb1_2,1_2&#8243; use_custom_gutter=\u00bbon\u00bb make_equal=\u00bbon\u00bb _builder_version=\u00bb4.27.4&#8243; _module_preset=\u00bbdefault\u00bb background_color=\u00bb#FFFFFF\u00bb width=\u00bb75%\u00bb max_width=\u00bb75%\u00bb custom_margin=\u00bb||50px||false|false\u00bb custom_padding=\u00bb0px|0px|0px|0px|false|false\u00bb global_colors_info=\u00bb{}\u00bb][et_pb_column type=\u00bb1_2&#8243; _builder_version=\u00bb4.27.4&#8243; _module_preset=\u00bbdefault\u00bb custom_padding=\u00bb50px|60px|50px|60px|true|false\u00bb global_colors_info=\u00bb{}\u00bb][et_pb_heading title=\u00bbI + D\u00bb _builder_version=\u00bb4.27.4&#8243; _module_preset=\u00bbdefault\u00bb title_font=\u00bbRaleway|600|||||||\u00bb title_text_align=\u00bbleft\u00bb title_text_color=\u00bb#008080&#8243; title_font_size=\u00bb35px\u00bb custom_margin=\u00bb||20px||false|false\u00bb global_colors_info=\u00bb{}\u00bb][\/et_pb_heading][et_pb_text _builder_version=\u00bb4.27.4&#8243; _module_preset=\u00bbdefault\u00bb text_font=\u00bbRaleway||||||||\u00bb text_font_size=\u00bb16px\u00bb text_line_height=\u00bb30px\u00bb custom_margin=\u00bb||13px|||\u00bb global_colors_info=\u00bb{}\u00bb]<\/p>\n<p style=\"text-align: justify;\"><span>Desarrollo de proyectos de I+D, tanto propios como externos, participando como socios colaboradores principales en proyectos gestionados por el CDTI.<\/span><\/p>\n<p>[\/et_pb_text][et_pb_text _builder_version=\u00bb4.27.4&#8243; _module_preset=\u00bbdefault\u00bb text_font=\u00bbRaleway||||||||\u00bb text_font_size=\u00bb16px\u00bb global_colors_info=\u00bb{}\u00bb]<\/p>\n<ul class=\"home-custom-list\">\n<li><i class=\"fa-solid fa-circle-check\"><\/i>Programaci\u00f3n de brazos industriales y robots colaborativos de varios fabricantes.<\/li>\n<li><i class=\"fa-solid fa-circle-check\"><\/i>Asesoramiento t\u00e9cnico de los procesos robotizados junto con el cliente para optimizaci\u00f3n de los mismos y mejora del tiempo de ciclo.<\/li>\n<\/ul>\n<p>[\/et_pb_text][\/et_pb_column][et_pb_column type=\u00bb1_2&#8243; _builder_version=\u00bb4.27.4&#8243; _module_preset=\u00bbdefault\u00bb custom_padding=\u00bb0px|0px|0px|0px|false|false\u00bb global_colors_info=\u00bb{}\u00bb][et_pb_image src=\u00bbhttps:\/\/bym.ovver.es\/wp-content\/uploads\/2025\/09\/cheerful-woman-in-technician-lab-scaled-1.jpg\u00bb title_text=\u00bbcheerful-woman-in-technician-lab-scaled\u00bb _builder_version=\u00bb4.27.4&#8243; _module_preset=\u00bbdefault\u00bb global_colors_info=\u00bb{}\u00bb][\/et_pb_image][\/et_pb_column][\/et_pb_row][et_pb_row column_structure=\u00bb1_2,1_2&#8243; use_custom_gutter=\u00bbon\u00bb make_equal=\u00bbon\u00bb _builder_version=\u00bb4.27.4&#8243; _module_preset=\u00bbdefault\u00bb background_color=\u00bb#FFFFFF\u00bb width=\u00bb75%\u00bb max_width=\u00bb75%\u00bb custom_margin=\u00bb||50px||false|false\u00bb custom_padding=\u00bb0px|0px|0px|0px|false|false\u00bb global_colors_info=\u00bb{}\u00bb][et_pb_column type=\u00bb1_2&#8243; _builder_version=\u00bb4.27.4&#8243; _module_preset=\u00bbdefault\u00bb global_colors_info=\u00bb{}\u00bb][et_pb_image src=\u00bbhttps:\/\/bym.ovver.es\/wp-content\/uploads\/2025\/10\/vision-artificial.jpg\u00bb title_text=\u00bbvision-artificial\u00bb _builder_version=\u00bb4.27.4&#8243; _module_preset=\u00bbdefault\u00bb global_colors_info=\u00bb{}\u00bb][\/et_pb_image][\/et_pb_column][et_pb_column type=\u00bb1_2&#8243; _builder_version=\u00bb4.27.4&#8243; _module_preset=\u00bbdefault\u00bb custom_padding=\u00bb60px|60px|30px||false|false\u00bb global_colors_info=\u00bb{}\u00bb][et_pb_heading title=\u00bbVisi\u00f3n Artificial\u00bb _builder_version=\u00bb4.27.4&#8243; _module_preset=\u00bbdefault\u00bb title_font=\u00bbRaleway|600|||||||\u00bb title_text_align=\u00bbleft\u00bb title_text_color=\u00bb#008080&#8243; title_font_size=\u00bb35px\u00bb custom_margin=\u00bb||20px||false|false\u00bb global_colors_info=\u00bb{}\u00bb][\/et_pb_heading][et_pb_text _builder_version=\u00bb4.27.4&#8243; _module_preset=\u00bbdefault\u00bb text_font=\u00bbRaleway||||||||\u00bb text_font_size=\u00bb16px\u00bb text_line_height=\u00bb30px\u00bb custom_margin=\u00bb||13px|||\u00bb global_colors_info=\u00bb{}\u00bb]<\/p>\n<p style=\"text-align: justify;\"><span>Amplia experiencia en sistemas de visi\u00f3n, tanto tradicionales como aquellos basados en sistemas de inteligencia artificial (IA).<\/span><\/p>\n<p>[\/et_pb_text][et_pb_text _builder_version=\u00bb4.27.4&#8243; _module_preset=\u00bbdefault\u00bb text_font=\u00bbRaleway||||||||\u00bb text_font_size=\u00bb16px\u00bb global_colors_info=\u00bb{}\u00bb]<\/p>\n<ul class=\"home-custom-list\">\n<li><i class=\"fa-solid fa-circle-check\"><\/i>Implementaci\u00f3n de herramienta de Deep Learning de desarrollo propio para la detecci\u00f3n de componentes y procesos de calidad.<\/li>\n<li><i class=\"fa-solid fa-circle-check\"><\/i>Integraci\u00f3n de sensores de visi\u00f3n y sistemas de visi\u00f3n tradicionales.<\/li>\n<\/ul>\n<p>[\/et_pb_text][\/et_pb_column][\/et_pb_row][\/et_pb_section][et_pb_section fb_built=\u00bb1&#8243; _builder_version=\u00bb4.27.4&#8243; _module_preset=\u00bbdefault\u00bb background_color=\u00bb#008080&#8243; global_colors_info=\u00bb{}\u00bb theme_builder_area=\u00bbpost_content\u00bb][et_pb_row column_structure=\u00bb1_2,1_2&#8243; _builder_version=\u00bb4.27.4&#8243; _module_preset=\u00bbdefault\u00bb global_colors_info=\u00bb{}\u00bb theme_builder_area=\u00bbpost_content\u00bb][et_pb_column type=\u00bb1_2&#8243; _builder_version=\u00bb4.27.4&#8243; _module_preset=\u00bbdefault\u00bb global_colors_info=\u00bb{}\u00bb theme_builder_area=\u00bbpost_content\u00bb][et_pb_heading title=\u00bb\u00bfQuieres m\u00e1s informaci\u00f3n?\u00bb _builder_version=\u00bb4.27.4&#8243; _module_preset=\u00bbdefault\u00bb title_font=\u00bbRaleway|600|||||||\u00bb title_text_align=\u00bbleft\u00bb title_text_color=\u00bb#FFFFFF\u00bb title_font_size=\u00bb45px\u00bb custom_margin=\u00bb||||false|false\u00bb custom_padding=\u00bb||||false|false\u00bb global_colors_info=\u00bb{}\u00bb theme_builder_area=\u00bbpost_content\u00bb][\/et_pb_heading][et_pb_text _builder_version=\u00bb4.27.4&#8243; _module_preset=\u00bbdefault\u00bb text_font=\u00bbRaleway||||||||\u00bb text_text_color=\u00bb#FFFFFF\u00bb text_font_size=\u00bb16px\u00bb text_line_height=\u00bb2.1em\u00bb global_colors_info=\u00bb{}\u00bb theme_builder_area=\u00bbpost_content\u00bb]<\/p>\n<p>No dudes en contactar con nosotros, nuestro equipo de profesionales est\u00e1 a tu disposici\u00f3n.<\/p>\n<p>[\/et_pb_text][et_pb_text _builder_version=\u00bb4.27.4&#8243; _module_preset=\u00bbdefault\u00bb text_font=\u00bbRaleway||||||||\u00bb text_text_color=\u00bb#FFFFFF\u00bb text_font_size=\u00bb16px\u00bb text_line_height=\u00bb2.1em\u00bb global_colors_info=\u00bb{}\u00bb theme_builder_area=\u00bbpost_content\u00bb]<\/p>\n<ul class=\"contact-custom-list\">\n<li><i class=\"fa-solid fa-phone\"><\/i><span><a href=\"tel:+34961413130\">961413130<\/a><\/span><\/li>\n<li><i class=\"fa-solid fa-envelope\"><\/i><span><a href=\"mailto:info@bym-ingenieros.com\">info@bym-ingenieros.com<\/a><\/span><\/li>\n<li><i class=\"fa-solid fa-location-dot\"><\/i><span>Carrer Massamagrell, 27, P.I. <br \/>46138 Rafelbunyol, Valencia<\/span><\/li>\n<\/ul>\n<p>[\/et_pb_text][\/et_pb_column][et_pb_column type=\u00bb1_2&#8243; _builder_version=\u00bb4.27.4&#8243; _module_preset=\u00bbdefault\u00bb background_color=\u00bb#FFFFFF\u00bb global_colors_info=\u00bb{}\u00bb theme_builder_area=\u00bbpost_content\u00bb][et_pb_contact_form email=\u00bbv.jurado@galileati.com\u00bb success_message=\u00bbGracias, su mensaje ha sido enviado.\u00bb _builder_version=\u00bb4.27.4&#8243; _module_preset=\u00bbdefault\u00bb _unique_id=\u00bbb8679690-d11d-4212-9d5a-220ccda4140b\u00bb custom_padding=\u00bb35px|35px|35px|35px|true|true\u00bb global_colors_info=\u00bb{}\u00bb theme_builder_area=\u00bbpost_content\u00bb][et_pb_contact_field field_id=\u00bbName\u00bb field_title=\u00bbNombre\u00bb fullwidth_field=\u00bbon\u00bb _builder_version=\u00bb4.27.4&#8243; global_colors_info=\u00bb{}\u00bb button_text_size__hover_enabled=\u00bboff\u00bb button_one_text_size__hover_enabled=\u00bboff\u00bb button_two_text_size__hover_enabled=\u00bboff\u00bb button_text_color__hover_enabled=\u00bboff\u00bb button_one_text_color__hover_enabled=\u00bboff\u00bb button_two_text_color__hover_enabled=\u00bboff\u00bb button_border_width__hover_enabled=\u00bboff\u00bb button_one_border_width__hover_enabled=\u00bboff\u00bb button_two_border_width__hover_enabled=\u00bboff\u00bb button_border_color__hover_enabled=\u00bboff\u00bb button_one_border_color__hover_enabled=\u00bboff\u00bb button_two_border_color__hover_enabled=\u00bboff\u00bb button_border_radius__hover_enabled=\u00bboff\u00bb button_one_border_radius__hover_enabled=\u00bboff\u00bb button_two_border_radius__hover_enabled=\u00bboff\u00bb button_letter_spacing__hover_enabled=\u00bboff\u00bb button_one_letter_spacing__hover_enabled=\u00bboff\u00bb button_two_letter_spacing__hover_enabled=\u00bboff\u00bb button_bg_color__hover_enabled=\u00bboff\u00bb button_one_bg_color__hover_enabled=\u00bboff\u00bb button_two_bg_color__hover_enabled=\u00bboff\u00bb theme_builder_area=\u00bbpost_content\u00bb][\/et_pb_contact_field][et_pb_contact_field field_id=\u00bbtel\u00bb field_title=\u00bbT\u00e9lefono\u00bb max_length=\u00bb12&#8243; allowed_symbols=\u00bbnumbers\u00bb required_mark=\u00bboff\u00bb fullwidth_field=\u00bbon\u00bb _builder_version=\u00bb4.27.4&#8243; _module_preset=\u00bbdefault\u00bb global_colors_info=\u00bb{}\u00bb theme_builder_area=\u00bbpost_content\u00bb][\/et_pb_contact_field][et_pb_contact_field field_id=\u00bbEmail\u00bb field_title=\u00bbDirecci\u00f3n de correo electr\u00f3nico\u00bb field_type=\u00bbemail\u00bb fullwidth_field=\u00bbon\u00bb _builder_version=\u00bb4.27.4&#8243; global_colors_info=\u00bb{}\u00bb button_text_size__hover_enabled=\u00bboff\u00bb button_one_text_size__hover_enabled=\u00bboff\u00bb button_two_text_size__hover_enabled=\u00bboff\u00bb button_text_color__hover_enabled=\u00bboff\u00bb button_one_text_color__hover_enabled=\u00bboff\u00bb button_two_text_color__hover_enabled=\u00bboff\u00bb button_border_width__hover_enabled=\u00bboff\u00bb button_one_border_width__hover_enabled=\u00bboff\u00bb button_two_border_width__hover_enabled=\u00bboff\u00bb button_border_color__hover_enabled=\u00bboff\u00bb button_one_border_color__hover_enabled=\u00bboff\u00bb button_two_border_color__hover_enabled=\u00bboff\u00bb button_border_radius__hover_enabled=\u00bboff\u00bb button_one_border_radius__hover_enabled=\u00bboff\u00bb button_two_border_radius__hover_enabled=\u00bboff\u00bb button_letter_spacing__hover_enabled=\u00bboff\u00bb button_one_letter_spacing__hover_enabled=\u00bboff\u00bb button_two_letter_spacing__hover_enabled=\u00bboff\u00bb button_bg_color__hover_enabled=\u00bboff\u00bb button_one_bg_color__hover_enabled=\u00bboff\u00bb button_two_bg_color__hover_enabled=\u00bboff\u00bb theme_builder_area=\u00bbpost_content\u00bb][\/et_pb_contact_field][et_pb_contact_field field_id=\u00bbMessage\u00bb field_title=\u00bbMensaje\u00bb field_type=\u00bbtext\u00bb fullwidth_field=\u00bbon\u00bb _builder_version=\u00bb4.16&#8243; global_colors_info=\u00bb{}\u00bb button_text_size__hover_enabled=\u00bboff\u00bb button_one_text_size__hover_enabled=\u00bboff\u00bb button_two_text_size__hover_enabled=\u00bboff\u00bb button_text_color__hover_enabled=\u00bboff\u00bb button_one_text_color__hover_enabled=\u00bboff\u00bb button_two_text_color__hover_enabled=\u00bboff\u00bb button_border_width__hover_enabled=\u00bboff\u00bb button_one_border_width__hover_enabled=\u00bboff\u00bb button_two_border_width__hover_enabled=\u00bboff\u00bb button_border_color__hover_enabled=\u00bboff\u00bb button_one_border_color__hover_enabled=\u00bboff\u00bb button_two_border_color__hover_enabled=\u00bboff\u00bb button_border_radius__hover_enabled=\u00bboff\u00bb button_one_border_radius__hover_enabled=\u00bboff\u00bb button_two_border_radius__hover_enabled=\u00bboff\u00bb button_letter_spacing__hover_enabled=\u00bboff\u00bb button_one_letter_spacing__hover_enabled=\u00bboff\u00bb button_two_letter_spacing__hover_enabled=\u00bboff\u00bb button_bg_color__hover_enabled=\u00bboff\u00bb button_one_bg_color__hover_enabled=\u00bboff\u00bb button_two_bg_color__hover_enabled=\u00bboff\u00bb theme_builder_area=\u00bbpost_content\u00bb][\/et_pb_contact_field][\/et_pb_contact_form][\/et_pb_column][\/et_pb_row][\/et_pb_section]<\/p>\n","protected":false},"excerpt":{"rendered":"<p>Nuestros ingenieros y t\u00e9cnicos componen un\u00a0equipo multidisciplinar de profesionales, con gran experiencia en distintos campos como son el dise\u00f1o mec\u00e1nico y el\u00e9ctrico, programaci\u00f3n de PLC\u2019s, robots y sistemas de visi\u00f3n artificial. La diversidad de procesos, el conocimiento de las tecnolog\u00edas y su aplicaci\u00f3n a sectores muy diferentes han conducido al\u00a0perfeccionamiento\u00a0de nuestra actividad y al enriquecimiento [&hellip;]<\/p>\n","protected":false},"author":1,"featured_media":0,"parent":0,"menu_order":0,"comment_status":"closed","ping_status":"closed","template":"","meta":{"_et_pb_use_builder":"on","_et_pb_old_content":"","_et_gb_content_width":"","footnotes":""},"class_list":["post-118","page","type-page","status-publish","hentry"],"_links":{"self":[{"href":"https:\/\/bym.ovver.es\/index.php\/wp-json\/wp\/v2\/pages\/118","targetHints":{"allow":["GET"]}}],"collection":[{"href":"https:\/\/bym.ovver.es\/index.php\/wp-json\/wp\/v2\/pages"}],"about":[{"href":"https:\/\/bym.ovver.es\/index.php\/wp-json\/wp\/v2\/types\/page"}],"author":[{"embeddable":true,"href":"https:\/\/bym.ovver.es\/index.php\/wp-json\/wp\/v2\/users\/1"}],"replies":[{"embeddable":true,"href":"https:\/\/bym.ovver.es\/index.php\/wp-json\/wp\/v2\/comments?post=118"}],"version-history":[{"count":42,"href":"https:\/\/bym.ovver.es\/index.php\/wp-json\/wp\/v2\/pages\/118\/revisions"}],"predecessor-version":[{"id":451,"href":"https:\/\/bym.ovver.es\/index.php\/wp-json\/wp\/v2\/pages\/118\/revisions\/451"}],"wp:attachment":[{"href":"https:\/\/bym.ovver.es\/index.php\/wp-json\/wp\/v2\/media?parent=118"}],"curies":[{"name":"wp","href":"https:\/\/api.w.org\/{rel}","templated":true}]}}